{"id":86,"date":"2026-05-05T15:57:49","date_gmt":"2026-05-05T18:57:49","guid":{"rendered":"https:\/\/pontoteste.com.br\/goood+\/?page_id=86"},"modified":"2026-05-05T16:02:26","modified_gmt":"2026-05-05T19:02:26","slug":"contato","status":"publish","type":"page","link":"https:\/\/pontoteste.com.br\/goood+\/contato\/","title":{"rendered":"Contato"},"content":{"rendered":"<p><div class=\"fusion-fullwidth fullwidth-box fusion-builder-row-1 fusion-flex-container has-pattern-background has-mask-background nonhundred-percent-fullwidth non-hundred-percent-height-scrolling\" style=\"--awb-border-radius-top-left:0px;--awb-border-radius-top-right:0px;--awb-border-radius-bottom-right:0px;--awb-border-radius-bottom-left:0px;--awb-padding-top:3%;--awb-padding-right:60px;--awb-padding-bottom:3%;--awb-padding-left:60px;--awb-min-height:600px;--awb-background-color:var(--awb-custom_color_3);--awb-flex-wrap:wrap;\" ><div class=\"fusion-builder-row fusion-row fusion-flex-align-items-center fusion-flex-content-wrap\" style=\"max-width:1248px;margin-left: calc(-4% \/ 2 );margin-right: calc(-4% \/ 2 );\"><div class=\"fusion-layout-column fusion_builder_column fusion-builder-column-0 fusion_builder_column_2_5 2_5 fusion-flex-column\" style=\"--awb-bg-size:cover;--awb-width-large:40%;--awb-margin-top-large:0px;--awb-spacing-right-large:4.8%;--awb-margin-bottom-large:20px;--awb-spacing-left-large:4.8%;--awb-width-medium:40%;--awb-order-medium:0;--awb-spacing-right-medium:4.8%;--awb-spacing-left-medium:4.8%;--awb-width-small:100%;--awb-order-small:0;--awb-spacing-right-small:1.92%;--awb-spacing-left-small:1.92%;\"><div class=\"fusion-column-wrapper fusion-column-has-shadow fusion-flex-justify-content-flex-start fusion-content-layout-column\"><div class=\"fusion-title title fusion-title-1 fusion-sep-none fusion-title-text fusion-title-size-one\" style=\"--awb-text-color:var(--awb-custom_color_1);\"><h1 class=\"fusion-title-heading title-heading-left\" style=\"margin:0;\"><p>Fale com a<br \/>\nGoood+<\/p><\/h1><\/div><div class=\"fusion-text fusion-text-1\" style=\"--awb-text-color:var(--awb-color2);\"><p>Atendimento r\u00e1pido e pr\u00f3ximo de voc\u00ea<\/p>\n<\/div><\/div><\/div><div class=\"fusion-layout-column fusion_builder_column fusion-builder-column-1 fusion_builder_column_3_5 3_5 fusion-flex-column\" style=\"--awb-bg-size:cover;--awb-width-large:60%;--awb-margin-top-large:0px;--awb-spacing-right-large:3.2%;--awb-margin-bottom-large:20px;--awb-spacing-left-large:3.2%;--awb-width-medium:60%;--awb-order-medium:0;--awb-spacing-right-medium:3.2%;--awb-spacing-left-medium:3.2%;--awb-width-small:100%;--awb-order-small:0;--awb-spacing-right-small:1.92%;--awb-spacing-left-small:1.92%;\"><div class=\"fusion-column-wrapper fusion-column-has-shadow fusion-flex-justify-content-flex-start fusion-content-layout-column\"><\/div><\/div><\/div><\/div><div class=\"fusion-fullwidth fullwidth-box fusion-builder-row-2 fusion-flex-container has-pattern-background has-mask-background nonhundred-percent-fullwidth non-hundred-percent-height-scrolling\" style=\"--awb-border-radius-top-left:0px;--awb-border-radius-top-right:0px;--awb-border-radius-bottom-right:0px;--awb-border-radius-bottom-left:0px;--awb-padding-top:3%;--awb-padding-right:60px;--awb-padding-bottom:3%;--awb-padding-left:60px;--awb-background-color:var(--awb-color1);--awb-flex-wrap:wrap;\" ><div class=\"fusion-builder-row fusion-row fusion-flex-align-items-center fusion-flex-content-wrap\" style=\"max-width:1248px;margin-left: calc(-4% \/ 2 );margin-right: calc(-4% \/ 2 );\"><div class=\"fusion-layout-column fusion_builder_column fusion-builder-column-2 fusion_builder_column_1_2 1_2 fusion-flex-column\" style=\"--awb-bg-size:cover;--awb-width-large:50%;--awb-margin-top-large:0px;--awb-spacing-right-large:3.84%;--awb-margin-bottom-large:20px;--awb-spacing-left-large:3.84%;--awb-width-medium:50%;--awb-order-medium:0;--awb-spacing-right-medium:3.84%;--awb-spacing-left-medium:3.84%;--awb-width-small:100%;--awb-order-small:0;--awb-spacing-right-small:1.92%;--awb-spacing-left-small:1.92%;\"><div class=\"fusion-column-wrapper fusion-column-has-shadow fusion-flex-justify-content-flex-start fusion-content-layout-column\"><\/div><\/div><div class=\"fusion-layout-column fusion_builder_column fusion-builder-column-3 fusion_builder_column_1_2 1_2 fusion-flex-column\" style=\"--awb-bg-size:cover;--awb-width-large:50%;--awb-margin-top-large:0px;--awb-spacing-right-large:3.84%;--awb-margin-bottom-large:20px;--awb-spacing-left-large:3.84%;--awb-width-medium:50%;--awb-order-medium:0;--awb-spacing-right-medium:3.84%;--awb-spacing-left-medium:3.84%;--awb-width-small:100%;--awb-order-small:0;--awb-spacing-right-small:1.92%;--awb-spacing-left-small:1.92%;\"><div class=\"fusion-column-wrapper fusion-column-has-shadow fusion-flex-justify-content-flex-start fusion-content-layout-column\"><div class=\"fusion-title title fusion-title-2 fusion-sep-none fusion-title-text fusion-title-size-paragraph\"><p class=\"fusion-title-heading title-heading-left title-heading-tag\" style=\"margin:0;\">FALE COM A GOOOD+<\/p><\/div><div class=\"fusion-title title fusion-title-3 fusion-sep-none fusion-title-text fusion-title-size-one\"><h1 class=\"fusion-title-heading title-heading-left\" style=\"margin:0;\">Estamos prontos para te atender<\/h1><\/div><div class=\"fusion-text fusion-text-2\"><p>Tem d\u00favidas sobre nossos produtos, precisa de suporte ou deseja falar com a nossa equipe? O SAC Goood+ est\u00e1 dispon\u00edvel para ajudar voc\u00ea com rapidez e aten\u00e7\u00e3o.<\/p>\n<p>Acesse nosso FAQ para respostas r\u00e1pidas ou escolha o canal de contato que preferir.<\/p>\n<\/div><div ><a class=\"fusion-button button-flat fusion-button-default-size button-custom fusion-button-default button-1 fusion-button-default-span fusion-button-default-type\" style=\"--button_accent_color:var(--awb-color2);--button_accent_hover_color:var(--awb-color2);--button_border_hover_color:var(--awb-color1);--button_gradient_top_color:var(--awb-color8);--button_gradient_bottom_color:var(--awb-color8);--button_gradient_top_color_hover:var(--awb-color8);--button_gradient_bottom_color_hover:var(--awb-color8);--button_margin-bottom:50px;\" target=\"_self\"><span class=\"fusion-button-text\">ACESSE O <b>FAQ<\/b><\/span><\/a><\/div><div class=\"fusion-text fusion-text-3\"><p>Entre em contato pelos campos abaixo ou ainda acesse nossas redes sociais @<strong>farmaciasnissei<\/strong><\/p>\n<p>Televendas <strong>41 4004 4041<\/strong><\/p>\n<p>Atendimento <strong>0800 643 6464<\/strong><\/p>\n<p>www.<strong>farmaciasnissei<\/strong>.com.br<\/p>\n<\/div><\/div><\/div><\/div><\/div><div class=\"fusion-fullwidth fullwidth-box fusion-builder-row-3 fusion-flex-container has-pattern-background has-mask-background nonhundred-percent-fullwidth non-hundred-percent-height-scrolling\" style=\"--awb-border-radius-top-left:0px;--awb-border-radius-top-right:0px;--awb-border-radius-bottom-right:0px;--awb-border-radius-bottom-left:0px;--awb-padding-top:3%;--awb-padding-right:60px;--awb-padding-bottom:3%;--awb-padding-left:60px;--awb-background-color:var(--awb-color1);--awb-flex-wrap:wrap;\" ><div class=\"fusion-builder-row fusion-row fusion-flex-align-items-center fusion-flex-content-wrap\" style=\"max-width:1248px;margin-left: calc(-4% \/ 2 );margin-right: calc(-4% \/ 2 );\"><div class=\"fusion-layout-column fusion_builder_column fusion-builder-column-4 fusion_builder_column_3_5 3_5 fusion-flex-column\" style=\"--awb-bg-size:cover;--awb-width-large:60%;--awb-margin-top-large:0px;--awb-spacing-right-large:3.2%;--awb-margin-bottom-large:20px;--awb-spacing-left-large:3.2%;--awb-width-medium:60%;--awb-order-medium:0;--awb-spacing-right-medium:3.2%;--awb-spacing-left-medium:3.2%;--awb-width-small:100%;--awb-order-small:0;--awb-spacing-right-small:1.92%;--awb-spacing-left-small:1.92%;\"><div class=\"fusion-column-wrapper fusion-column-has-shadow fusion-flex-justify-content-flex-start fusion-content-layout-column\"><div class=\"fusion-title title fusion-title-4 fusion-sep-none fusion-title-text fusion-title-size-one\"><h1 class=\"fusion-title-heading title-heading-left\" style=\"margin:0;\">Perguntas Frequentes<\/h1><\/div><div class=\"accordian fusion-accordian\" style=\"--awb-border-size:1px;--awb-icon-size:16px;--awb-content-font-size:var(--awb-typography4-font-size);--awb-icon-alignment:left;--awb-hover-color:var(--awb-color2);--awb-border-color:var(--awb-color3);--awb-background-color:var(--awb-color1);--awb-divider-color:var(--awb-color3);--awb-divider-hover-color:var(--awb-color3);--awb-icon-color:var(--awb-color3);--awb-title-color:var(--awb-color8);--awb-content-color:var(--awb-color8);--awb-icon-box-color:var(--awb-color8);--awb-toggle-hover-accent-color:var(--awb-color8);--awb-title-font-family:var(--awb-typography1-font-family);--awb-title-font-weight:var(--awb-typography1-font-weight);--awb-title-font-style:var(--awb-typography1-font-style);--awb-title-font-size:16px;--awb-content-font-family:var(--awb-typography4-font-family);--awb-content-font-weight:var(--awb-typography4-font-weight);--awb-content-font-style:var(--awb-typography4-font-style);\"><div class=\"panel-group fusion-toggle-icon-unboxed\" id=\"accordion-86-1\"><div class=\"fusion-panel panel-default panel-8ba4a7f4eb7c63310 fusion-toggle-has-divider\" style=\"--awb-title-font-family:&quot;Montserrat&quot;;--awb-title-font-weight:400;--awb-title-font-style:normal;--awb-title-font-size:20px;\"><div class=\"panel-heading\"><h4 class=\"panel-title toggle\" id=\"toggle_8ba4a7f4eb7c63310\"><a aria-expanded=\"false\" aria-controls=\"8ba4a7f4eb7c63310\" role=\"button\" data-toggle=\"collapse\" data-parent=\"#accordion-86-1\" data-target=\"#8ba4a7f4eb7c63310\" href=\"#8ba4a7f4eb7c63310\"><span class=\"fusion-toggle-icon-wrapper\" aria-hidden=\"true\"><i class=\"fa-fusion-box active-icon fa-angle-up fas\" aria-hidden=\"true\"><\/i><i class=\"fa-fusion-box inactive-icon fa-angle-down fas\" aria-hidden=\"true\"><\/i><\/span><span class=\"fusion-toggle-heading\">Lorem ipsum dolor it amet elit?<\/span><\/a><\/h4><\/div><div id=\"8ba4a7f4eb7c63310\" class=\"panel-collapse collapse \" aria-labelledby=\"toggle_8ba4a7f4eb7c63310\"><div class=\"panel-body toggle-content fusion-clearfix\">Ut enim ad minim veniam, quis nostrud exercitation ullamco laboris nisi  ut aliquip ex ea commodo consequat. Duis aute irure dolor in  reprehenderit in voluptate velit esse cillum dolore eu fugiat nulla  pariatur.Excepteur sint occaecat cupidatat non proident, sunt in culpa qui officia deserunt.<\/div><\/div><\/div><\/div><\/div><\/div><\/div><\/div><\/div><\/p>\n","protected":false},"excerpt":{"rendered":"","protected":false},"author":1,"featured_media":0,"parent":0,"menu_order":0,"comment_status":"closed","ping_status":"open","template":"100-width.php","meta":{"footnotes":""},"class_list":["post-86","page","type-page","status-publish","hentry"],"_links":{"self":[{"href":"https:\/\/pontoteste.com.br\/goood+\/wp-json\/wp\/v2\/pages\/86","targetHints":{"allow":["GET"]}}],"collection":[{"href":"https:\/\/pontoteste.com.br\/goood+\/wp-json\/wp\/v2\/pages"}],"about":[{"href":"https:\/\/pontoteste.com.br\/goood+\/wp-json\/wp\/v2\/types\/page"}],"author":[{"embeddable":true,"href":"https:\/\/pontoteste.com.br\/goood+\/wp-json\/wp\/v2\/users\/1"}],"replies":[{"embeddable":true,"href":"https:\/\/pontoteste.com.br\/goood+\/wp-json\/wp\/v2\/comments?post=86"}],"version-history":[{"count":3,"href":"https:\/\/pontoteste.com.br\/goood+\/wp-json\/wp\/v2\/pages\/86\/revisions"}],"predecessor-version":[{"id":92,"href":"https:\/\/pontoteste.com.br\/goood+\/wp-json\/wp\/v2\/pages\/86\/revisions\/92"}],"wp:attachment":[{"href":"https:\/\/pontoteste.com.br\/goood+\/wp-json\/wp\/v2\/media?parent=86"}],"curies":[{"name":"wp","href":"https:\/\/api.w.org\/{rel}","templated":true}]}}