{"id":99930,"date":"2026-05-15T09:43:34","date_gmt":"2026-05-15T12:43:34","guid":{"rendered":"https:\/\/pontoteste.com.br\/andrusko\/?page_id=99930"},"modified":"2026-05-15T09:51:32","modified_gmt":"2026-05-15T12:51:32","slug":"equipe","status":"publish","type":"page","link":"https:\/\/pontoteste.com.br\/andrusko\/equipe\/","title":{"rendered":"Equipe"},"content":{"rendered":"<p><div class=\"fusion-fullwidth fullwidth-box fusion-builder-row-1 fusion-flex-container has-pattern-background has-mask-background nonhundred-percent-fullwidth non-hundred-percent-height-scrolling\" style=\"--awb-border-radius-top-left:0px;--awb-border-radius-top-right:0px;--awb-border-radius-bottom-right:0px;--awb-border-radius-bottom-left:0px;--awb-padding-top:3%;--awb-padding-right:30px;--awb-padding-bottom:3%;--awb-padding-left:30px;--awb-flex-wrap:wrap;\" ><div class=\"fusion-builder-row fusion-row fusion-flex-align-items-flex-start fusion-flex-content-wrap\" style=\"max-width:1248px;margin-left: calc(-4% \/ 2 );margin-right: calc(-4% \/ 2 );\"><div class=\"fusion-layout-column fusion_builder_column fusion-builder-column-0 fusion_builder_column_1_2 1_2 fusion-flex-column\" style=\"--awb-bg-size:cover;--awb-width-large:50%;--awb-margin-top-large:0px;--awb-spacing-right-large:3.84%;--awb-margin-bottom-large:20px;--awb-spacing-left-large:3.84%;--awb-width-medium:50%;--awb-order-medium:0;--awb-spacing-right-medium:3.84%;--awb-spacing-left-medium:3.84%;--awb-width-small:100%;--awb-order-small:0;--awb-spacing-right-small:1.92%;--awb-spacing-left-small:1.92%;\"><div class=\"fusion-column-wrapper fusion-column-has-shadow fusion-flex-justify-content-flex-start fusion-content-layout-column\"><div class=\"fusion-text fusion-text-1\"><p>Mestre em Gest\u00e3o e graduada em Arquitetura e Urbanismo pela Pontif\u00edcia Universidade Cat\u00f3lica do Paran\u00e1 (PUC\/PR), Caroline Andrusko tra\u00e7ou um caminho autoral em quase 20 anos de atua\u00e7\u00e3o. S\u00e3o mais de 80.000m\u00b2 projetados entre casas, apartamentos, ambientes corporativos, lojas, restaurantes e mostras de arquitetura.<\/p>\n<p>Com foco nas pessoas, se especializou em atender aos desejos de cada cliente de maneira personalizada, e tem projetos executados no Brasil e no exterior.<\/p>\n<p>Mais que intui\u00e7\u00e3o, Carol Andrusko vive a arquitetura. O contato cont\u00ednuo com as tend\u00eancias mundiais, atrav\u00e9s de feiras, viagens e pesquisas, aliado a um planejamento estrat\u00e9gico, traduzem na arte do projetar o equil\u00edbrio entre a forma e a fun\u00e7\u00e3o, harmonia e praticidade, conforto e pertencimento, garantindo a atemporalidade aos espa\u00e7os e resultados de bem-estar e satisfa\u00e7\u00e3o conforme a necessidade de cada cliente.<\/p>\n<\/div><\/div><\/div><div class=\"fusion-layout-column fusion_builder_column fusion-builder-column-1 fusion_builder_column_2_5 2_5 fusion-flex-column\" style=\"--awb-bg-size:cover;--awb-width-large:40%;--awb-margin-top-large:0px;--awb-spacing-right-large:4.8%;--awb-margin-bottom-large:20px;--awb-spacing-left-large:4.8%;--awb-width-medium:40%;--awb-order-medium:0;--awb-spacing-right-medium:4.8%;--awb-spacing-left-medium:4.8%;--awb-width-small:100%;--awb-order-small:0;--awb-spacing-right-small:1.92%;--awb-spacing-left-small:1.92%;\"><div class=\"fusion-column-wrapper fusion-column-has-shadow fusion-flex-justify-content-flex-start fusion-content-layout-column\"><div class=\"fusion-image-element \" style=\"--awb-caption-title-font-family:var(--h2_typography-font-family);--awb-caption-title-font-weight:var(--h2_typography-font-weight);--awb-caption-title-font-style:var(--h2_typography-font-style);--awb-caption-title-size:var(--h2_typography-font-size);--awb-caption-title-transform:var(--h2_typography-text-transform);--awb-caption-title-line-height:var(--h2_typography-line-height);--awb-caption-title-letter-spacing:var(--h2_typography-letter-spacing);\"><span class=\" fusion-imageframe imageframe-none imageframe-1 hover-type-none\"><img decoding=\"async\" width=\"1706\" height=\"2560\" title=\"caroline-andrusko\" src=\"https:\/\/pontoteste.com.br\/andrusko\/wp-content\/uploads\/2026\/05\/caroline-andrusko-scaled.webp\" alt class=\"img-responsive wp-image-99933\" srcset=\"https:\/\/pontoteste.com.br\/andrusko\/wp-content\/uploads\/2026\/05\/caroline-andrusko-200x300.webp 200w, https:\/\/pontoteste.com.br\/andrusko\/wp-content\/uploads\/2026\/05\/caroline-andrusko-400x600.webp 400w, https:\/\/pontoteste.com.br\/andrusko\/wp-content\/uploads\/2026\/05\/caroline-andrusko-600x900.webp 600w, https:\/\/pontoteste.com.br\/andrusko\/wp-content\/uploads\/2026\/05\/caroline-andrusko-683x1024.webp 683w, https:\/\/pontoteste.com.br\/andrusko\/wp-content\/uploads\/2026\/05\/caroline-andrusko-768x1152.webp 768w, https:\/\/pontoteste.com.br\/andrusko\/wp-content\/uploads\/2026\/05\/caroline-andrusko-800x1200.webp 800w, https:\/\/pontoteste.com.br\/andrusko\/wp-content\/uploads\/2026\/05\/caroline-andrusko-1024x1536.webp 1024w, https:\/\/pontoteste.com.br\/andrusko\/wp-content\/uploads\/2026\/05\/caroline-andrusko-1200x1800.webp 1200w, https:\/\/pontoteste.com.br\/andrusko\/wp-content\/uploads\/2026\/05\/caroline-andrusko-1365x2048.webp 1365w, https:\/\/pontoteste.com.br\/andrusko\/wp-content\/uploads\/2026\/05\/caroline-andrusko-scaled.webp 1706w\" sizes=\"(max-width: 640px) 100vw, 600px\" \/><\/span><\/div><\/div><\/div><\/div><\/div><div class=\"fusion-fullwidth fullwidth-box fusion-builder-row-2 fusion-flex-container has-pattern-background has-mask-background nonhundred-percent-fullwidth non-hundred-percent-height-scrolling\" style=\"--awb-border-radius-top-left:0px;--awb-border-radius-top-right:0px;--awb-border-radius-bottom-right:0px;--awb-border-radius-bottom-left:0px;--awb-padding-top:1%;--awb-padding-right:30px;--awb-padding-bottom:1%;--awb-padding-left:30px;--awb-flex-wrap:wrap;\" ><div class=\"fusion-builder-row fusion-row fusion-flex-align-items-flex-start fusion-flex-content-wrap\" style=\"max-width:1248px;margin-left: calc(-4% \/ 2 );margin-right: calc(-4% \/ 2 );\"><div class=\"fusion-layout-column fusion_builder_column fusion-builder-column-2 fusion_builder_column_1_1 1_1 fusion-flex-column\" style=\"--awb-bg-size:cover;--awb-width-large:100%;--awb-margin-top-large:0px;--awb-spacing-right-large:1.92%;--awb-margin-bottom-large:20px;--awb-spacing-left-large:1.92%;--awb-width-medium:100%;--awb-order-medium:0;--awb-spacing-right-medium:1.92%;--awb-spacing-left-medium:1.92%;--awb-width-small:100%;--awb-order-small:0;--awb-spacing-right-small:1.92%;--awb-spacing-left-small:1.92%;\"><div class=\"fusion-column-wrapper fusion-column-has-shadow fusion-flex-justify-content-flex-start fusion-content-layout-column\"><div class=\"fusion-title title fusion-title-1 fusion-sep-none fusion-title-center fusion-title-text fusion-title-size-one\"><h1 class=\"fusion-title-heading title-heading-center\" style=\"margin:0;\">Arquitetos<\/h1><\/div><\/div><\/div><div class=\"fusion-layout-column fusion_builder_column fusion-builder-column-3 fusion_builder_column_1_4 1_4 fusion-flex-column\" style=\"--awb-bg-size:cover;--awb-width-large:25%;--awb-margin-top-large:0px;--awb-spacing-right-large:7.68%;--awb-margin-bottom-large:20px;--awb-spacing-left-large:7.68%;--awb-width-medium:25%;--awb-order-medium:0;--awb-spacing-right-medium:7.68%;--awb-spacing-left-medium:7.68%;--awb-width-small:100%;--awb-order-small:0;--awb-spacing-right-small:1.92%;--awb-spacing-left-small:1.92%;\"><div class=\"fusion-column-wrapper fusion-column-has-shadow fusion-flex-justify-content-flex-start fusion-content-layout-column\"><div class=\"fusion-image-element \" style=\"--awb-caption-title-font-family:var(--h2_typography-font-family);--awb-caption-title-font-weight:var(--h2_typography-font-weight);--awb-caption-title-font-style:var(--h2_typography-font-style);--awb-caption-title-size:var(--h2_typography-font-size);--awb-caption-title-transform:var(--h2_typography-text-transform);--awb-caption-title-line-height:var(--h2_typography-line-height);--awb-caption-title-letter-spacing:var(--h2_typography-letter-spacing);\"><span class=\" fusion-imageframe imageframe-none imageframe-2 hover-type-none\"><img decoding=\"async\" width=\"1917\" height=\"2560\" title=\"julia-raeder-bw_v2\" src=\"https:\/\/pontoteste.com.br\/andrusko\/wp-content\/uploads\/2026\/05\/julia-raeder-bw_v2-1-scaled.jpg\" alt class=\"img-responsive wp-image-99935\" srcset=\"https:\/\/pontoteste.com.br\/andrusko\/wp-content\/uploads\/2026\/05\/julia-raeder-bw_v2-1-200x267.jpg 200w, https:\/\/pontoteste.com.br\/andrusko\/wp-content\/uploads\/2026\/05\/julia-raeder-bw_v2-1-400x534.jpg 400w, https:\/\/pontoteste.com.br\/andrusko\/wp-content\/uploads\/2026\/05\/julia-raeder-bw_v2-1-600x801.jpg 600w, https:\/\/pontoteste.com.br\/andrusko\/wp-content\/uploads\/2026\/05\/julia-raeder-bw_v2-1-800x1068.jpg 800w, https:\/\/pontoteste.com.br\/andrusko\/wp-content\/uploads\/2026\/05\/julia-raeder-bw_v2-1-1200x1602.jpg 1200w, https:\/\/pontoteste.com.br\/andrusko\/wp-content\/uploads\/2026\/05\/julia-raeder-bw_v2-1-scaled.jpg 1917w\" sizes=\"(max-width: 640px) 100vw, 400px\" \/><\/span><\/div><div class=\"fusion-title title fusion-title-2 fusion-sep-none fusion-title-text fusion-title-size-two\"><h2 class=\"fusion-title-heading title-heading-left\" style=\"margin:0;\"><p>Julia<br \/>\nRaeder<\/p><\/h2><\/div><\/div><\/div><div class=\"fusion-layout-column fusion_builder_column fusion-builder-column-4 fusion_builder_column_1_4 1_4 fusion-flex-column\" style=\"--awb-bg-size:cover;--awb-width-large:25%;--awb-margin-top-large:0px;--awb-spacing-right-large:7.68%;--awb-margin-bottom-large:20px;--awb-spacing-left-large:7.68%;--awb-width-medium:25%;--awb-order-medium:0;--awb-spacing-right-medium:7.68%;--awb-spacing-left-medium:7.68%;--awb-width-small:100%;--awb-order-small:0;--awb-spacing-right-small:1.92%;--awb-spacing-left-small:1.92%;\"><div class=\"fusion-column-wrapper fusion-column-has-shadow fusion-flex-justify-content-flex-start fusion-content-layout-column\"><div class=\"fusion-image-element \" style=\"--awb-caption-title-font-family:var(--h2_typography-font-family);--awb-caption-title-font-weight:var(--h2_typography-font-weight);--awb-caption-title-font-style:var(--h2_typography-font-style);--awb-caption-title-size:var(--h2_typography-font-size);--awb-caption-title-transform:var(--h2_typography-text-transform);--awb-caption-title-line-height:var(--h2_typography-line-height);--awb-caption-title-letter-spacing:var(--h2_typography-letter-spacing);\"><span class=\" fusion-imageframe imageframe-none imageframe-3 hover-type-none\"><img decoding=\"async\" width=\"1920\" height=\"2560\" title=\"bruna-ligeski_v2\" src=\"https:\/\/pontoteste.com.br\/andrusko\/wp-content\/uploads\/2026\/05\/bruna-ligeski_v2-scaled.jpg\" alt class=\"img-responsive wp-image-99934\" srcset=\"https:\/\/pontoteste.com.br\/andrusko\/wp-content\/uploads\/2026\/05\/bruna-ligeski_v2-200x267.jpg 200w, https:\/\/pontoteste.com.br\/andrusko\/wp-content\/uploads\/2026\/05\/bruna-ligeski_v2-400x533.jpg 400w, https:\/\/pontoteste.com.br\/andrusko\/wp-content\/uploads\/2026\/05\/bruna-ligeski_v2-600x800.jpg 600w, https:\/\/pontoteste.com.br\/andrusko\/wp-content\/uploads\/2026\/05\/bruna-ligeski_v2-800x1067.jpg 800w, https:\/\/pontoteste.com.br\/andrusko\/wp-content\/uploads\/2026\/05\/bruna-ligeski_v2-1200x1600.jpg 1200w, https:\/\/pontoteste.com.br\/andrusko\/wp-content\/uploads\/2026\/05\/bruna-ligeski_v2-scaled.jpg 1920w\" sizes=\"(max-width: 640px) 100vw, 400px\" \/><\/span><\/div><div class=\"fusion-title title fusion-title-3 fusion-sep-none fusion-title-text fusion-title-size-two\"><h2 class=\"fusion-title-heading title-heading-left\" style=\"margin:0;\"><p>Bruna<br \/>\nLigeski<\/p><\/h2><\/div><\/div><\/div><div class=\"fusion-layout-column fusion_builder_column fusion-builder-column-5 fusion_builder_column_1_4 1_4 fusion-flex-column\" style=\"--awb-bg-size:cover;--awb-width-large:25%;--awb-margin-top-large:0px;--awb-spacing-right-large:7.68%;--awb-margin-bottom-large:20px;--awb-spacing-left-large:7.68%;--awb-width-medium:25%;--awb-order-medium:0;--awb-spacing-right-medium:7.68%;--awb-spacing-left-medium:7.68%;--awb-width-small:100%;--awb-order-small:0;--awb-spacing-right-small:1.92%;--awb-spacing-left-small:1.92%;\"><div class=\"fusion-column-wrapper fusion-column-has-shadow fusion-flex-justify-content-flex-start fusion-content-layout-column\"><div class=\"fusion-image-element \" style=\"--awb-caption-title-font-family:var(--h2_typography-font-family);--awb-caption-title-font-weight:var(--h2_typography-font-weight);--awb-caption-title-font-style:var(--h2_typography-font-style);--awb-caption-title-size:var(--h2_typography-font-size);--awb-caption-title-transform:var(--h2_typography-text-transform);--awb-caption-title-line-height:var(--h2_typography-line-height);--awb-caption-title-letter-spacing:var(--h2_typography-letter-spacing);\"><span class=\" fusion-imageframe imageframe-none imageframe-4 hover-type-none\"><img decoding=\"async\" width=\"1920\" height=\"2560\" alt=\"Henrique Dransfeld\" title=\"Henrique Dransfeld\" src=\"https:\/\/pontoteste.com.br\/andrusko\/wp-content\/uploads\/2026\/05\/henrique-dransfeld-scaled-1.jpg\" class=\"img-responsive wp-image-99921\" srcset=\"https:\/\/pontoteste.com.br\/andrusko\/wp-content\/uploads\/2026\/05\/henrique-dransfeld-scaled-1-200x267.jpg 200w, https:\/\/pontoteste.com.br\/andrusko\/wp-content\/uploads\/2026\/05\/henrique-dransfeld-scaled-1-400x533.jpg 400w, https:\/\/pontoteste.com.br\/andrusko\/wp-content\/uploads\/2026\/05\/henrique-dransfeld-scaled-1-600x800.jpg 600w, https:\/\/pontoteste.com.br\/andrusko\/wp-content\/uploads\/2026\/05\/henrique-dransfeld-scaled-1-800x1067.jpg 800w, https:\/\/pontoteste.com.br\/andrusko\/wp-content\/uploads\/2026\/05\/henrique-dransfeld-scaled-1-1200x1600.jpg 1200w, https:\/\/pontoteste.com.br\/andrusko\/wp-content\/uploads\/2026\/05\/henrique-dransfeld-scaled-1.jpg 1920w\" sizes=\"(max-width: 640px) 100vw, 400px\" \/><\/span><\/div><div class=\"fusion-title title fusion-title-4 fusion-sep-none fusion-title-text fusion-title-size-two\"><h2 class=\"fusion-title-heading title-heading-left\" style=\"margin:0;\"><p>Henrique<br \/>\nDransfeld<\/p><\/h2><\/div><\/div><\/div><div class=\"fusion-layout-column fusion_builder_column fusion-builder-column-6 fusion_builder_column_1_4 1_4 fusion-flex-column\" style=\"--awb-bg-size:cover;--awb-width-large:25%;--awb-margin-top-large:0px;--awb-spacing-right-large:7.68%;--awb-margin-bottom-large:20px;--awb-spacing-left-large:7.68%;--awb-width-medium:25%;--awb-order-medium:0;--awb-spacing-right-medium:7.68%;--awb-spacing-left-medium:7.68%;--awb-width-small:100%;--awb-order-small:0;--awb-spacing-right-small:1.92%;--awb-spacing-left-small:1.92%;\"><div class=\"fusion-column-wrapper fusion-column-has-shadow fusion-flex-justify-content-flex-start fusion-content-layout-column\"><div class=\"fusion-image-element \" style=\"--awb-caption-title-font-family:var(--h2_typography-font-family);--awb-caption-title-font-weight:var(--h2_typography-font-weight);--awb-caption-title-font-style:var(--h2_typography-font-style);--awb-caption-title-size:var(--h2_typography-font-size);--awb-caption-title-transform:var(--h2_typography-text-transform);--awb-caption-title-line-height:var(--h2_typography-line-height);--awb-caption-title-letter-spacing:var(--h2_typography-letter-spacing);\"><span class=\" fusion-imageframe imageframe-none imageframe-5 hover-type-none\"><img decoding=\"async\" width=\"1920\" height=\"2560\" alt=\"Gabriel Lutz\" title=\"Gabriel Lutz\" src=\"https:\/\/pontoteste.com.br\/andrusko\/wp-content\/uploads\/2026\/05\/gabriel-lutz-scaled-1.jpg\" class=\"img-responsive wp-image-99920\" srcset=\"https:\/\/pontoteste.com.br\/andrusko\/wp-content\/uploads\/2026\/05\/gabriel-lutz-scaled-1-200x267.jpg 200w, https:\/\/pontoteste.com.br\/andrusko\/wp-content\/uploads\/2026\/05\/gabriel-lutz-scaled-1-400x533.jpg 400w, https:\/\/pontoteste.com.br\/andrusko\/wp-content\/uploads\/2026\/05\/gabriel-lutz-scaled-1-600x800.jpg 600w, https:\/\/pontoteste.com.br\/andrusko\/wp-content\/uploads\/2026\/05\/gabriel-lutz-scaled-1-800x1067.jpg 800w, https:\/\/pontoteste.com.br\/andrusko\/wp-content\/uploads\/2026\/05\/gabriel-lutz-scaled-1-1200x1600.jpg 1200w, https:\/\/pontoteste.com.br\/andrusko\/wp-content\/uploads\/2026\/05\/gabriel-lutz-scaled-1.jpg 1920w\" sizes=\"(max-width: 640px) 100vw, 400px\" \/><\/span><\/div><div class=\"fusion-title title fusion-title-5 fusion-sep-none fusion-title-text fusion-title-size-two\"><h2 class=\"fusion-title-heading title-heading-left\" style=\"margin:0;\"><p>Gabriel<br \/>\nLutz<\/p><\/h2><\/div><\/div><\/div><\/div><\/div><div class=\"fusion-fullwidth fullwidth-box fusion-builder-row-3 fusion-flex-container has-pattern-background has-mask-background hundred-percent-fullwidth non-hundred-percent-height-scrolling\" style=\"--awb-border-radius-top-left:0px;--awb-border-radius-top-right:0px;--awb-border-radius-bottom-right:0px;--awb-border-radius-bottom-left:0px;--awb-padding-top:1%;--awb-padding-right:30px;--awb-padding-bottom:1%;--awb-padding-left:30px;--awb-flex-wrap:wrap;\" ><div class=\"fusion-builder-row fusion-row fusion-flex-align-items-flex-start fusion-flex-content-wrap\" style=\"width:calc( 100% + 20px ) !important;max-width:calc( 100% + 20px ) !important;margin-left: calc(-20px \/ 2 );margin-right: calc(-20px \/ 2 );\"><div class=\"fusion-layout-column fusion_builder_column fusion-builder-column-7 fusion_builder_column_1_2 1_2 fusion-flex-column\" style=\"--awb-bg-size:cover;--awb-width-large:50%;--awb-margin-top-large:0px;--awb-spacing-right-large:10px;--awb-margin-bottom-large:20px;--awb-spacing-left-large:10px;--awb-width-medium:50%;--awb-order-medium:0;--awb-spacing-right-medium:10px;--awb-spacing-left-medium:10px;--awb-width-small:100%;--awb-order-small:0;--awb-spacing-right-small:10px;--awb-spacing-left-small:10px;\"><div class=\"fusion-column-wrapper fusion-column-has-shadow fusion-flex-justify-content-flex-start fusion-content-layout-column\"><div class=\"fusion-image-element \" style=\"--awb-caption-title-font-family:var(--h2_typography-font-family);--awb-caption-title-font-weight:var(--h2_typography-font-weight);--awb-caption-title-font-style:var(--h2_typography-font-style);--awb-caption-title-size:var(--h2_typography-font-size);--awb-caption-title-transform:var(--h2_typography-text-transform);--awb-caption-title-line-height:var(--h2_typography-line-height);--awb-caption-title-letter-spacing:var(--h2_typography-letter-spacing);\"><span class=\" fusion-imageframe imageframe-none imageframe-6 hover-type-none\"><img decoding=\"async\" width=\"2560\" height=\"1707\" alt=\"Caroline Andrusko\" title=\"Caroline Andrusko\" src=\"https:\/\/pontoteste.com.br\/andrusko\/wp-content\/uploads\/2026\/05\/externa-scaled-1.webp\" class=\"img-responsive wp-image-99924\" srcset=\"https:\/\/pontoteste.com.br\/andrusko\/wp-content\/uploads\/2026\/05\/externa-scaled-1-200x133.webp 200w, https:\/\/pontoteste.com.br\/andrusko\/wp-content\/uploads\/2026\/05\/externa-scaled-1-300x200.webp 300w, https:\/\/pontoteste.com.br\/andrusko\/wp-content\/uploads\/2026\/05\/externa-scaled-1-400x267.webp 400w, https:\/\/pontoteste.com.br\/andrusko\/wp-content\/uploads\/2026\/05\/externa-scaled-1-600x400.webp 600w, https:\/\/pontoteste.com.br\/andrusko\/wp-content\/uploads\/2026\/05\/externa-scaled-1-768x512.webp 768w, https:\/\/pontoteste.com.br\/andrusko\/wp-content\/uploads\/2026\/05\/externa-scaled-1-800x533.webp 800w, https:\/\/pontoteste.com.br\/andrusko\/wp-content\/uploads\/2026\/05\/externa-scaled-1-1024x683.webp 1024w, https:\/\/pontoteste.com.br\/andrusko\/wp-content\/uploads\/2026\/05\/externa-scaled-1-1200x800.webp 1200w, https:\/\/pontoteste.com.br\/andrusko\/wp-content\/uploads\/2026\/05\/externa-scaled-1-1536x1024.webp 1536w, https:\/\/pontoteste.com.br\/andrusko\/wp-content\/uploads\/2026\/05\/externa-scaled-1.webp 2560w\" sizes=\"(max-width: 640px) 100vw, 600px\" \/><\/span><\/div><\/div><\/div><div class=\"fusion-layout-column fusion_builder_column fusion-builder-column-8 fusion_builder_column_1_2 1_2 fusion-flex-column\" style=\"--awb-bg-size:cover;--awb-width-large:50%;--awb-margin-top-large:0px;--awb-spacing-right-large:10px;--awb-margin-bottom-large:20px;--awb-spacing-left-large:10px;--awb-width-medium:50%;--awb-order-medium:0;--awb-spacing-right-medium:10px;--awb-spacing-left-medium:10px;--awb-width-small:100%;--awb-order-small:0;--awb-spacing-right-small:10px;--awb-spacing-left-small:10px;\"><div class=\"fusion-column-wrapper fusion-column-has-shadow fusion-flex-justify-content-flex-start fusion-content-layout-column\"><div class=\"fusion-image-element \" style=\"--awb-caption-title-font-family:var(--h2_typography-font-family);--awb-caption-title-font-weight:var(--h2_typography-font-weight);--awb-caption-title-font-style:var(--h2_typography-font-style);--awb-caption-title-size:var(--h2_typography-font-size);--awb-caption-title-transform:var(--h2_typography-text-transform);--awb-caption-title-line-height:var(--h2_typography-line-height);--awb-caption-title-letter-spacing:var(--h2_typography-letter-spacing);\"><span class=\" fusion-imageframe imageframe-none imageframe-7 hover-type-none\"><img decoding=\"async\" width=\"2560\" height=\"1707\" title=\"interna-scaled\" src=\"https:\/\/pontoteste.com.br\/andrusko\/wp-content\/uploads\/2026\/05\/interna-scaled-1.webp\" alt class=\"img-responsive wp-image-99925\" srcset=\"https:\/\/pontoteste.com.br\/andrusko\/wp-content\/uploads\/2026\/05\/interna-scaled-1-200x133.webp 200w, https:\/\/pontoteste.com.br\/andrusko\/wp-content\/uploads\/2026\/05\/interna-scaled-1-300x200.webp 300w, https:\/\/pontoteste.com.br\/andrusko\/wp-content\/uploads\/2026\/05\/interna-scaled-1-400x267.webp 400w, https:\/\/pontoteste.com.br\/andrusko\/wp-content\/uploads\/2026\/05\/interna-scaled-1-600x400.webp 600w, https:\/\/pontoteste.com.br\/andrusko\/wp-content\/uploads\/2026\/05\/interna-scaled-1-768x512.webp 768w, https:\/\/pontoteste.com.br\/andrusko\/wp-content\/uploads\/2026\/05\/interna-scaled-1-800x533.webp 800w, https:\/\/pontoteste.com.br\/andrusko\/wp-content\/uploads\/2026\/05\/interna-scaled-1-1024x683.webp 1024w, https:\/\/pontoteste.com.br\/andrusko\/wp-content\/uploads\/2026\/05\/interna-scaled-1-1200x800.webp 1200w, https:\/\/pontoteste.com.br\/andrusko\/wp-content\/uploads\/2026\/05\/interna-scaled-1-1536x1024.webp 1536w, https:\/\/pontoteste.com.br\/andrusko\/wp-content\/uploads\/2026\/05\/interna-scaled-1.webp 2560w\" sizes=\"(max-width: 640px) 100vw, 600px\" \/><\/span><\/div><\/div><\/div><\/div><\/div><\/p>\n","protected":false},"excerpt":{"rendered":"","protected":false},"author":1,"featured_media":0,"parent":0,"menu_order":0,"comment_status":"closed","ping_status":"closed","template":"100-width.php","meta":{"footnotes":""},"class_list":["post-99930","page","type-page","status-publish","hentry"],"_links":{"self":[{"href":"https:\/\/pontoteste.com.br\/andrusko\/wp-json\/wp\/v2\/pages\/99930","targetHints":{"allow":["GET"]}}],"collection":[{"href":"https:\/\/pontoteste.com.br\/andrusko\/wp-json\/wp\/v2\/pages"}],"about":[{"href":"https:\/\/pontoteste.com.br\/andrusko\/wp-json\/wp\/v2\/types\/page"}],"author":[{"embeddable":true,"href":"https:\/\/pontoteste.com.br\/andrusko\/wp-json\/wp\/v2\/users\/1"}],"replies":[{"embeddable":true,"href":"https:\/\/pontoteste.com.br\/andrusko\/wp-json\/wp\/v2\/comments?post=99930"}],"version-history":[{"count":2,"href":"https:\/\/pontoteste.com.br\/andrusko\/wp-json\/wp\/v2\/pages\/99930\/revisions"}],"predecessor-version":[{"id":99936,"href":"https:\/\/pontoteste.com.br\/andrusko\/wp-json\/wp\/v2\/pages\/99930\/revisions\/99936"}],"wp:attachment":[{"href":"https:\/\/pontoteste.com.br\/andrusko\/wp-json\/wp\/v2\/media?parent=99930"}],"curies":[{"name":"wp","href":"https:\/\/api.w.org\/{rel}","templated":true}]}}